{"id":100929,"date":"2023-12-28T11:27:39","date_gmt":"2023-12-28T11:27:39","guid":{"rendered":"https:\/\/fishfarmsolutions.eu\/retningslinjer-for-personvern\/"},"modified":"2024-05-31T15:16:36","modified_gmt":"2024-05-31T15:16:36","slug":"retningslinjer-for-personvern","status":"publish","type":"page","link":"https:\/\/fishfarmsolutions.eu\/no\/retningslinjer-for-personvern\/","title":{"rendered":"Retningslinjer for personvern"},"content":{"rendered":"<p>[et_pb_section fb_built=&raquo;1&#8243; _builder_version=&raquo;4.25.1&#8243; _module_preset=&raquo;default&raquo; background_color=&raquo;#000099&#8243; use_background_color_gradient=&raquo;on&raquo; background_color_gradient_stops=&raquo;#000099 0%|#0085ca 100%&raquo; global_colors_info=&raquo;{}&raquo;][et_pb_row _builder_version=&raquo;4.25.1&#8243; _module_preset=&raquo;default&raquo; global_colors_info=&raquo;{}&raquo;][et_pb_column type=&raquo;4_4&#8243; _builder_version=&raquo;4.25.1&#8243; _module_preset=&raquo;default&raquo; global_colors_info=&raquo;{}&raquo;][et_pb_text _builder_version=&raquo;4.25.1&#8243; _module_preset=&raquo;default&raquo; header_text_color=&raquo;#FFFFFF&raquo; custom_padding=&raquo;100px||||false|false&raquo; hover_enabled=&raquo;0&#8243; global_colors_info=&raquo;{}&raquo; sticky_enabled=&raquo;0&#8243;]<\/p>\n<h1>\u00a0Personvernerkl\u00e6ring og\u00a0informasjonskapsler<\/h1>\n<p>[\/et_pb_text][\/et_pb_column][\/et_pb_row][\/et_pb_section][et_pb_section fb_built=&raquo;1&#8243; admin_label=&raquo;section&raquo; _builder_version=&raquo;4.16&#8243; global_colors_info=&raquo;{}&raquo;][et_pb_row admin_label=&raquo;gr\u00f8ft&raquo; _builder_version=&raquo;4.16&#8243; background_size=&raquo;initial&raquo; background_position=&raquo;top_left&raquo; background_repeat=&raquo;repeat&raquo; global_colors_info=&raquo;{}&raquo;][et_pb_column type=&raquo;4_4&#8243; _builder_version=&raquo;4.16&#8243; custom_padding=&raquo;|||&raquo; global_colors_info=&raquo;{}&raquo; custom_padding__hover=&raquo;|||&raquo;][et_pb_text admin_label=&raquo;Text&raquo; _builder_version=&raquo;4.25.1&#8243; text_font=&raquo;Azo Sans Regular||||||||&raquo; text_font_size=&raquo;18px&raquo; header_2_font=&raquo;Azo Sans Regular||||||||&raquo; header_2_text_color=&raquo;#000000&#8243; header_2_font_size=&raquo;25px&raquo; background_size=&raquo;initial&raquo; background_position=&raquo;top_left&raquo; background_repeat=&raquo;repeat&raquo; hover_enabled=&raquo;0&#8243; global_colors_info=&raquo;{}&raquo; sticky_enabled=&raquo;0&#8243;]<\/p>\n<h2><span lang=\"pl\">Retningslinjer for personvern<\/span><\/h2>\n<p>Denne personvernerkl\u00e6ringen fastsetter prinsippene for behandling av all informasjon av personopplysningskarakter som innhentes av <strong>Food4Future Technologies Sp. z\u00a0o. o. med base i\u00a0Wroc\u0142aw<\/strong> i\u00a0forbindelse med brukernes bruk av informasjonen og\u00a0tjenestene som er\u00a0tilgjengelige via <a href=\"https:\/\/www.f4ftech.com\/\">https:\/\/www.f4ftech.com<\/a> domenet.<\/p>\n<p><strong> <\/strong><\/p>\n<h2>Behandlingsansvarlig for personopplysninger<\/h2>\n<p>Administratoren av personopplysninger om\u00a0brukere av tjenesten er\u00a0Food4Future Technologies Sp. z\u00a0o. o. med base i\u00a0ul.\u00a0Taras Szewczenki 24, 51 &#8211; 351 Wroc\u0142aw, oppf\u00f8rt i\u00a0registeret over gr\u00fcndere som f\u00f8res av distriktsdomstolen for Wroc\u0142aw &#8211; Fabryczna i\u00a0Wroc\u0142aw, VI \u00f8konomiske avdeling i\u00a0det nasjonale domstolsregisteret, under KRS-nummer: 0000683687.<\/p>\n<p>&nbsp;<\/p>\n<h2>Kontaktperson for personvernsp\u00f8rsm\u00e5l<\/h2>\n<p>For alle sp\u00f8rsm\u00e5l knyttet til behandling av personopplysninger og\u00a0ut\u00f8velse av rettigheter knyttet til slik behandling, vennligst ta\u00a0direkte kontakt med kontaktpersonen for personvern p\u00e5 administratorens side, dvs: Katarzyna Pala, e-post: <a href=\"mailto:biuro@f4ftech.com\">biuro@f4ftech.com<\/a><\/p>\n<p><strong> <\/strong><\/p>\n<h2>Prinsipper for behandling av personopplysninger<\/h2>\n<p>Behandlingsansvarlig behandler personopplysningene dine i\u00a0samsvar med bestemmelsene i\u00a0Europaparlamentets og\u00a0R\u00e5dets forordning (EU) 2016\/679 av 27.04.2016. om\u00a0vern av fysiske personer i\u00a0forbindelse med behandling av personopplysninger (heretter kalt &laquo;RODO&raquo;) og\u00a0annen allmenngyldig lovgivning.<\/p>\n<p>&nbsp;<\/p>\n<p>Administratoren legger stor vekt p\u00e5 \u00e5 beskytte personvernet og\u00a0konfidensialiteten til personopplysningene til brukerne av tjenesten, og\u00a0velger og\u00a0bruker passende tekniske og\u00a0organisatoriske tiltak for \u00e5 sikre beskyttelse og\u00a0behandling av personopplysningene.<\/p>\n<p>&nbsp;<\/p>\n<p>Brukernes personopplysninger behandles p\u00e5 servere som s\u00f8rger for sikkerheten. Administratoren skal s\u00f8rge for at\u00a0opplysningene behandles i\u00a0samsvar med form\u00e5let og\u00a0omfanget av bruken av tjenestene som er\u00a0tilgjengelige gjennom Tjenesten, inkludert nettsteder, applikasjoner og\u00a0andre funksjoner som Administratoren tilbyr, for \u00e5 gj\u00f8re bruken av Tjenesten s\u00e5 trygg og\u00a0praktisk som mulig for brukerne.<\/p>\n<p>&nbsp;<\/p>\n<h2>Omfang og\u00a0form\u00e5l med databehandlingen<\/h2>\n<p>Opplysningene vil bli behandlet for form\u00e5l knyttet til bruken av nettstedet og\u00a0tjenestene som tilbys via nettstedet, i\u00a0form av \u00e5 svare p\u00e5 sp\u00f8rsm\u00e5l som brukerne stiller via nettstedet.<\/p>\n<p>&nbsp;<\/p>\n<p>Personopplysninger om\u00a0tjenestebrukere samles inn direkte fra de\u00a0ber\u00f8rte personene, dvs. ved at\u00a0brukeren fyller inn opplysningene n\u00e5r han eller hun gj\u00f8r en\u00a0foresp\u00f8rsel via tjenesten. Det er\u00a0frivillig \u00e5 oppgi ytterligere opplysninger som ikke er\u00a0n\u00f8dvendige for \u00e5 levere tjenesten, og\u00a0det kreves uttrykkelig samtykke fra tjenestebrukeren for videre behandling av disse opplysningene.<\/p>\n<p>&nbsp;<\/p>\n<p>Det er\u00a0frivillig \u00e5 oppgi opplysninger, men unnlatelse av \u00e5 oppgi slike opplysninger kan f\u00f8re til at\u00a0et\u00a0sp\u00f8rsm\u00e5l ikke kan besvares, ettersom den spesifikke karakteren til tjenestene som tilbys av tjenesten, gj\u00f8r at\u00a0det ikke er\u00a0mulig \u00e5 oppgi dem anonymt i\u00a0form av et\u00a0svar p\u00e5 et\u00a0sp\u00f8rsm\u00e5l.<\/p>\n<p>&nbsp;<\/p>\n<h2>Juridisk grunnlag for behandling av personopplysninger<\/h2>\n<p>Den behandlingsansvarlige har i\u00a0henhold til bestemmelsene i\u00a0RODO rett til \u00e5 behandle personopplysningene dine under f\u00f8lgende omstendigheter:<\/p>\n<p>&nbsp;<\/p>\n<ol>\n<li>brukeren samtykker til behandling av personopplysningene sine;<\/li>\n<li>behandlingen av brukerens personopplysninger er\u00a0n\u00f8dvendig for \u00e5 oppfylle en\u00a0rettslig forpliktelse som p\u00e5hviler administrator;<\/li>\n<li>n\u00e5r det er\u00a0n\u00f8dvendig for \u00e5 ivareta Behandlingsansvarliges eller tredjeparters berettigede interesser.<\/li>\n<\/ol>\n<p>&nbsp;<\/p>\n<h2>Hvem personopplysningene kan deles med<\/h2>\n<p>P\u00e5 grunnlag av bestemmelsene i\u00a0personvernforordningen kan opplysningene dine overlates til andre enheter for utf\u00f8relse av visse tjenester p\u00e5 vegne av den behandlingsansvarlige, s\u00e6rlig hosting-tjenester, utelukkende p\u00e5 grunnlag av en\u00a0overdragelsesavtale.<\/p>\n<p>&nbsp;<\/p>\n<p>Enheter som er\u00a0betrodd opplysningene, er\u00a0forpliktet til \u00e5 iverksette tekniske og\u00a0organisatoriske tiltak for \u00e5 sikre opplysningene.<\/p>\n<p>&nbsp;<\/p>\n<h2>Oppbevaringsperiode for personopplysninger<\/h2>\n<p>Oppbevaringsperiode for personopplysninger:<\/p>\n<p>&nbsp;<\/p>\n<ol>\n<li>informasjonskapsler: i\u00a0en\u00a0m\u00e5ned etter at\u00a0brukeren har gitt sitt samtykke;<\/li>\n<li>analytiske data: der samtykke er\u00a0gitt, inntil tilbakekalling, begrensning eller annen handling fra brukerens side som begrenser samtykket;<\/li>\n<li>andre opplysninger: s\u00e5 lenge det er\u00a0n\u00f8dvendig for \u00e5 behandle henvendelsen din og\u00a0svare p\u00e5 sp\u00f8rsm\u00e5let ditt.<\/li>\n<\/ol>\n<p>&nbsp;<\/p>\n<p>Brukeren har rett til n\u00e5r som helst \u00e5 trekke tilbake sitt samtykke til behandling av de\u00a0opplysningene han eller hun har gitt. Hvis den behandlingsansvarlige blir klar over at\u00a0samtykket er\u00a0trukket tilbake, vil han\/hun umiddelbart iverksette tiltak for \u00e5 slette de\u00a0lagrede opplysningene.<\/p>\n<p>&nbsp;<\/p>\n<h2>Rettighetene til de\u00a0registrerte<\/h2>\n<p>Brukeren har rett til \u00e5 klage til tilsynsmyndigheten, direkt\u00f8ren for Datatilsynet, hvis han\/hun mener at\u00a0behandlingen av personopplysningene hans\/hennes er\u00a0i\u00a0strid med personvernregelverket.<\/p>\n<p>&nbsp;<\/p>\n<p>Brukeren har ogs\u00e5 rett til \u00e5:<\/p>\n<ol>\n<li>tilgang til innholdet i\u00a0personopplysningene som er\u00a0gitt (artikkel 15 i\u00a0RODO);<\/li>\n<li>be\u00a0om\u00a0retting av personopplysninger (artikkel 16 i\u00a0RODO);<\/li>\n<li>be\u00a0om\u00a0sletting av personopplysningene dine (artikkel 17 i\u00a0RODO), de\u00a0s\u00e5kalte &laquo;personopplysningene&raquo;. &laquo;Retten til \u00e5 bli glemt&raquo;;<\/li>\n<li>be\u00a0om\u00a0begrensning av behandlingen av personopplysningene dine (artikkel 18 i\u00a0RODO);<\/li>\n<li>be\u00a0om\u00a0overf\u00f8ring av egne personopplysninger i\u00a0et\u00a0vanlig brukt format til en\u00a0annen behandlingsansvarlig utpekt av dem (artikkel 20 i\u00a0RODO);<\/li>\n<li>til \u00e5 protestere mot behandling av personopplysninger (artikkel 21 i\u00a0RODO);<\/li>\n<li>\u00e5 trekke tilbake samtykke til behandling av personopplysninger i\u00a0den grad behandlingen utf\u00f8res p\u00e5 grunnlag av tidligere avgitt samtykke (artikkel 7 i\u00a0RODO).<\/li>\n<\/ol>\n<p>&nbsp;<\/p>\n<h2>Profilering og\u00a0m\u00e5lretting og\u00a0retningslinjer for informasjonskapsler<\/h2>\n<p>Trafikkdata p\u00e5 nettstedet brukes til profilering og\u00a0m\u00e5lretting av annonser p\u00e5 eksterne tjenester &#8211; Facebook, Google, Instagram. De\u00a0er\u00a0basert p\u00e5 uspesifikke kriterier, noe som gj\u00f8r det umulig \u00e5 identifisere en\u00a0enkelt bruker.<\/p>\n<p>&nbsp;<\/p>\n<h2>Informasjonskapsler<\/h2>\n<p>Informasjonskapsler er\u00a0IT-data, s\u00e6rlig tekstfiler, som lagres p\u00e5 sluttbrukerens enhet p\u00e5 nettsteder og\u00a0i\u00a0applikasjoner. Informasjonskapsler inneholder vanligvis domenenavnet til nettstedet de\u00a0kommer fra, hvor lenge de\u00a0lagres p\u00e5 sluttenheten og\u00a0et\u00a0unikt nummer. Informasjonskapsler brukes ikke til \u00e5 identifisere brukeren, og\u00a0brukerens identitet blir ikke fastsl\u00e5tt ut\u00a0fra dem. Utgiverens nettsted kan plassere en\u00a0informasjonskapsel i\u00a0nettleseren din hvis nettleseren din tillater det. Det er\u00a0viktig \u00e5 merke seg at\u00a0nettleseren bare gir nettstedet tilgang til informasjonskapsler som er\u00a0plassert p\u00e5 det aktuelle nettstedet, og\u00a0ikke informasjonskapsler som er\u00a0plassert p\u00e5 andre nettsteder.<\/p>\n<p>&nbsp;<\/p>\n<p>Den som plasserer informasjon i\u00a0form av informasjonskapsler og\u00a0andre lignende teknologier p\u00e5 brukerens terminalutstyr (f.eks. datamaskin, b\u00e6rbar PC, smarttelefon, Smart TV) og\u00a0f\u00e5r tilgang til dem, er\u00a0<strong>Food4Future Technologies Sp. z\u00a0o. o. med base i\u00a0Wroc\u0142aw <\/strong>og\u00a0den tidligere nevnte Mottakere av opplysningene, dvs. enheter som samarbeider med den behandlingsansvarlige, f.eks. partnere som tilbyr analysetjenester, annons\u00f8rer, applikasjonsutviklere og\u00a0nettverksreklamebyr\u00e5er.<\/p>\n<p>&nbsp;<\/p>\n<p>Nettsidene til administratorens samarbeidspartnere som er\u00a0lenket til nettstedet, er\u00a0underlagt deres egne retningslinjer for personvern (inkludert bruk av informasjonskapsler).<\/p>\n<p>&nbsp;<\/p>\n<h2>Hva er\u00a0form\u00e5let med behandlingen av informasjonskapsler?<\/h2>\n<p>Bruken av informasjonskapsler og\u00a0andre lignende teknologier er\u00a0n\u00f8dvendig for v\u00e5re form\u00e5l:<\/p>\n<p>&nbsp;<\/p>\n<ol>\n<li>for \u00e5 tilpasse innholdet p\u00e5 nettsteder og\u00a0applikasjoner til brukerens preferanser og\u00a0optimalisere bruken av nettsteder; f.eks. gj\u00f8r informasjonskapsler det mulig \u00e5 gjenkjenne brukerens enhet og\u00a0vise et\u00a0nettsted som er\u00a0tilpasset brukerens individuelle behov;<\/li>\n<li>for \u00e5 lage statistikk som hjelper oss med \u00e5 forst\u00e5 hvordan brukerne bruker nettstedene og\u00a0applikasjonene, slik at\u00a0vi kan forbedre strukturen og\u00a0innholdet;<\/li>\n<li>presentasjon av reklame, inkludert p\u00e5 en\u00a0m\u00e5te som tar hensyn til brukerens interesser eller bosted (individualisering av reklamebudskapet) og\u00a0med garanti for \u00e5 utelukke muligheten for at\u00a0den samme reklamen vises til brukeren mer enn \u00e9n gang;<\/li>\n<li>gjennomf\u00f8ringen av unders\u00f8kelsene &#8211; s\u00e6rlig for \u00e5 unng\u00e5 \u00e5 presentere samme unders\u00f8kelse for samme m\u00e5lgruppe mer enn \u00e9n gang og\u00a0for \u00e5 presentere unders\u00f8kelsene p\u00e5 en\u00a0m\u00e5te som tar hensyn til m\u00e5lgruppens interesser.<\/li>\n<\/ol>\n<p>&nbsp;<\/p>\n<h2>Hvilke typer informasjonskapsler brukes?<\/h2>\n<p>P\u00e5 grunn av levetiden til informasjonskapsler og\u00a0andre lignende teknologier, bruker administratoren to\u00a0hovedtyper av disse filene:<\/p>\n<p>&nbsp;<\/p>\n<ol>\n<li>Sesjonsfiler &#8211; midlertidige filer som lagres p\u00e5 brukerens terminalutstyr inntil brukeren forlater nettstedet og\u00a0applikasjonen eller programvaren (nettleseren) sl\u00e5s av;<\/li>\n<li>permanent &#8211; lagres p\u00e5 brukerens terminalutstyr i\u00a0den tiden som er\u00a0angitt i\u00a0parameterne for informasjonskapslene, eller til de\u00a0slettes av brukeren.<\/li>\n<\/ol>\n<p>&nbsp;<\/p>\n<p>P\u00e5 grunn av form\u00e5let med informasjonskapsler og\u00a0andre lignende teknologier, bruker administratoren f\u00f8lgende typer informasjonskapsler:<\/p>\n<p>&nbsp;<\/p>\n<ol>\n<li>n\u00f8dvendig for driften av tjenesten og\u00a0applikasjonene &#8211; for \u00e5 muliggj\u00f8re bruk av tjenestene v\u00e5re, f.eks. informasjonskapsler for autentisering som brukes for tjenester som krever autentisering;<\/li>\n<li>sikkerhetsinformasjonskapsler, f.eks. for \u00e5 oppdage autentiseringssvindel;<\/li>\n<li>ytelse &#8211; for \u00e5 samle inn informasjon om\u00a0hvordan nettsteder og\u00a0applikasjoner brukes;<\/li>\n<li>funksjonell &#8211; gj\u00f8r det mulig \u00e5 &laquo;huske&raquo; brukerens valgte innstillinger og\u00a0tilpasse brukerens grensesnitt, f.eks. med hensyn til brukerens valgte spr\u00e5k eller opprinnelsesregion, skriftst\u00f8rrelse, nettstedets og\u00a0applikasjonenes utseende osv;<\/li>\n<li>reklame &#8211; for \u00e5 gi brukerne reklameinnhold som er\u00a0mer skreddersydd til deres interesser;<\/li>\n<li>statistical &#8211; brukes til \u00e5 telle statistikk om\u00a0nettsteder og\u00a0applikasjoner.<\/li>\n<\/ol>\n<p>&nbsp;<\/p>\n<h2>Administrere nettleserinnstillinger<\/h2>\n<p>I\u00a0mange tilfeller tillater nettleserprogramvaren (nettleseren) som standard lagring av informasjon i\u00a0form av informasjonskapsler og\u00a0andre lignende teknologier p\u00e5 brukerens terminalenhet. Brukeren kan imidlertid endre disse innstillingene n\u00e5r som helst. Hvis du ikke foretar endringer, kan den nevnte informasjonen lastes opp til og\u00a0lagres i\u00a0terminalutstyret ditt, og\u00a0vi vil derfor lagre informasjon i\u00a0terminalutstyret ditt og\u00a0f\u00e5 tilgang til denne informasjonen.<\/p>\n<p>&nbsp;<\/p>\n<p>Det er\u00a0for eksempel mulig \u00e5 administrere informasjonskapsler selv fra nettleseren du bruker. De\u00a0mest popul\u00e6re nettleserne inkluderer f\u00f8lgende. mulighet:<\/p>\n<p>&nbsp;<\/p>\n<ol>\n<li>godta bruken av informasjonskapsler, slik at\u00a0brukeren kan dra full nytte av alternativene som tilbys p\u00e5 nettsidene;<\/li>\n<li>administrere informasjonskapsler p\u00e5 de\u00a0enkelte nettstedene som brukeren har valgt;<\/li>\n<li>spesifisere innstillinger for ulike typer informasjonskapsler, for eksempel \u00e5 godta permanente informasjonskapsler som \u00f8ktinformasjonskapsler osv;<\/li>\n<li>blokkere eller slette informasjonskapsler.<\/li>\n<\/ol>\n<p>&nbsp;<\/p>\n<h2>Probleml\u00f8sning<\/h2>\n<p>Omfattende informasjon er\u00a0tilgjengelig i\u00a0innstillingene for programvaren (nettleseren). Detaljer for de\u00a0som bruker bestemte nettlesere, blant annet:<\/p>\n<p><u>Internet Explorer, Mozilla Firefox, Chrome, Opera Itp.<\/u><\/p>\n<p>&nbsp;<\/p>\n<p>Vi gj\u00f8r oppmerksom p\u00e5 at\u00a0hvis du begrenser eller deaktiverer bruken av informasjonskapsler og\u00a0andre lignende teknologier, kan det p\u00e5virke noen av funksjonene som er\u00a0tilgjengelige p\u00e5 nettstedene v\u00e5re.<\/p>\n<p>&nbsp;<\/p>\n<p>Du finner mer informasjon om\u00a0informasjonskapsler og\u00a0annen teknologi blant annet her. p\u00e5 wszystkoociasteczkach.co.uk eller i\u00a0Hjelp-delen av nettlesermenyen.<\/p>\n<p>[\/et_pb_text][\/et_pb_column][\/et_pb_row][\/et_pb_section]<\/p>\n","protected":false},"excerpt":{"rendered":"<p>\u00a0Personvernerkl\u00e6ring og\u00a0informasjonskapslerRetningslinjer for personvern Denne personvernerkl\u00e6ringen fastsetter prinsippene for behandling av all informasjon av personopplysningskarakter som innhentes av Food4Future Technologies Sp. z\u00a0o. o. med base i\u00a0Wroc\u0142aw i\u00a0forbindelse med brukernes bruk av informasjonen og\u00a0tjenestene som er\u00a0tilgjengelige via https:\/\/www.f4ftech.com domenet. Behandlingsansvarlig for personopplysninger Administratoren av personopplysninger om\u00a0brukere av tjenesten er\u00a0Food4Future Technologies Sp. z\u00a0o. o. med base i\u00a0ul.\u00a0Taras [&hellip;]<\/p>\n","protected":false},"author":1,"featured_media":0,"parent":0,"menu_order":0,"comment_status":"closed","ping_status":"open","template":"","meta":{"_et_pb_use_builder":"on","_et_pb_old_content":"","_et_gb_content_width":"","footnotes":""},"class_list":["post-100929","page","type-page","status-publish","hentry"],"_links":{"self":[{"href":"https:\/\/fishfarmsolutions.eu\/no\/wp-json\/wp\/v2\/pages\/100929","targetHints":{"allow":["GET"]}}],"collection":[{"href":"https:\/\/fishfarmsolutions.eu\/no\/wp-json\/wp\/v2\/pages"}],"about":[{"href":"https:\/\/fishfarmsolutions.eu\/no\/wp-json\/wp\/v2\/types\/page"}],"author":[{"embeddable":true,"href":"https:\/\/fishfarmsolutions.eu\/no\/wp-json\/wp\/v2\/users\/1"}],"replies":[{"embeddable":true,"href":"https:\/\/fishfarmsolutions.eu\/no\/wp-json\/wp\/v2\/comments?post=100929"}],"version-history":[{"count":3,"href":"https:\/\/fishfarmsolutions.eu\/no\/wp-json\/wp\/v2\/pages\/100929\/revisions"}],"predecessor-version":[{"id":101036,"href":"https:\/\/fishfarmsolutions.eu\/no\/wp-json\/wp\/v2\/pages\/100929\/revisions\/101036"}],"wp:attachment":[{"href":"https:\/\/fishfarmsolutions.eu\/no\/wp-json\/wp\/v2\/media?parent=100929"}],"curies":[{"name":"wp","href":"https:\/\/api.w.org\/{rel}","templated":true}]}}