{"id":101096,"date":"2023-12-28T11:27:39","date_gmt":"2023-12-28T11:27:39","guid":{"rendered":"https:\/\/fishfarmsolutions.eu\/politica-de-privacidad\/"},"modified":"2025-07-23T09:48:13","modified_gmt":"2025-07-23T09:48:13","slug":"politica-de-privacidad","status":"publish","type":"page","link":"https:\/\/fishfarmsolutions.eu\/es\/politica-de-privacidad\/","title":{"rendered":"Pol\u00edtica de privacidad"},"content":{"rendered":"<p>[et_pb_section fb_built=\u00bb1&#8243; _builder_version=\u00bb4.25.1&#8243; _module_preset=\u00bbdefault\u00bb background_color=\u00bb#000099&#8243; use_background_color_gradient=\u00bbon\u00bb background_color_gradient_stops=\u00bb#000099 0%|#0085ca 100%\u00bb global_colors_info=\u00bb{}\u00bb][et_pb_row _builder_version=\u00bb4.25.1&#8243; _module_preset=\u00bbdefault\u00bb global_colors_info=\u00bb{}\u00bb][et_pb_column type=\u00bb4_4&#8243; _builder_version=\u00bb4.25.1&#8243; _module_preset=\u00bbdefault\u00bb global_colors_info=\u00bb{}\u00bb][et_pb_text _builder_version=\u00bb4.25.1&#8243; _module_preset=\u00bbdefault\u00bb header_text_color=\u00bb#FFFFFF\u00bb custom_padding=\u00bb100px||||false|false\u00bb global_colors_info=\u00bb{}\u00bb]<\/p>\n<h1>Pol\u00edtica de privacidad y cookies<\/h1>\n<p>[\/et_pb_text][\/et_pb_column][\/et_pb_row][\/et_pb_section][et_pb_section fb_built=\u00bb1&#8243; admin_label=\u00bbsection\u00bb _builder_version=\u00bb4.16&#8243; global_colors_info=\u00bb{}\u00bb][et_pb_row admin_label=\u00bbzanja\u00bb _builder_version=\u00bb4.16&#8243; background_size=\u00bbinitial\u00bb background_position=\u00bbtop_left\u00bb background_repeat=\u00bbrepeat\u00bb global_colors_info=\u00bb{}\u00bb][et_pb_column type=\u00bb4_4&#8243; _builder_version=\u00bb4.16&#8243; custom_padding=\u00bb|||\u00bb global_colors_info=\u00bb{}\u00bb custom_padding__hover=\u00bb|||\u00bb][et_pb_text admin_label=\u00bbText\u00bb _builder_version=\u00bb4.25.1&#8243; text_font=\u00bbAzo Sans Regular||||||||\u00bb header_2_font=\u00bbAzo Sans Regular||||||||\u00bb header_2_text_color=\u00bb#000000&#8243; header_2_font_size=\u00bb25px\u00bb background_size=\u00bbinitial\u00bb background_position=\u00bbtop_left\u00bb background_repeat=\u00bbrepeat\u00bb hover_enabled=\u00bb0&#8243; global_colors_info=\u00bb{}\u00bb text_font_size=\u00bb18px\u00bb sticky_enabled=\u00bb0&#8243;]<\/p>\n<h2><span lang=\"pl\">Pol\u00edtica de privacidad<\/span><\/h2>\n<p>Esta Pol\u00edtica de Privacidad establece los principios para el tratamiento de cualquier informaci\u00f3n de car\u00e1cter personal que obtenga el  <strong>Food4Future Technologies Sp. z o. o. con domicilio social en Wroc\u0142aw   <\/strong>  en relaci\u00f3n con la utilizaci\u00f3n por los usuarios de la informaci\u00f3n y los servicios disponibles a trav\u00e9s del dominio <a href=\"https:\/\/www.f4ftech.com\/\">https:\/\/www.f4ftech.com<\/a>.<\/p>\n<p><strong> <\/strong><\/p>\n<h2>Controlador de datos personales<\/h2>\n<p>El administrador de los datos personales de los usuarios del servicio es Food4Future Technologies Sp. z o. o. con sede en Tarasa Szewczenki 24, 51 &#8211; 351 Wroc\u0142aw, inscrita en el registro de empresarios, llevado por el Tribunal de Distrito de Wroc\u0142aw &#8211; Fabryczna en Wroc\u0142aw, VI Departamento Econ\u00f3mico del Registro Nacional de Tribunales, con el n\u00famero KRS: 0000683687.    <\/p>\n<p>&nbsp;<\/p>\n<h2>Persona de contacto para cuestiones de protecci\u00f3n de datos<\/h2>\n<p>Para todos los asuntos relacionados con el tratamiento de datos personales y el ejercicio de los derechos relacionados con dicho tratamiento, dir\u00edgete directamente a la persona de contacto para asuntos de protecci\u00f3n de datos personales por parte del Administrador, a saber: Katarzyna Pala, correo electr\u00f3nico: <a href=\"mailto:biuro@f4ftech.com\">biuro@f4ftech.com<\/a><\/p>\n<p><strong> <\/strong><\/p>\n<h2>Principios del tratamiento de datos personales<\/h2>\n<p>El Administrador tratar\u00e1 tus datos personales de conformidad con lo dispuesto en el Reglamento (UE) 2016\/679 del Parlamento Europeo y del Consejo, de 27.04.2016, relativo a la protecci\u00f3n de las personas f\u00edsicas en lo que respecta al tratamiento de datos personales (en lo sucesivo, \u00abRODO\u00bb) y dem\u00e1s legislaci\u00f3n de aplicaci\u00f3n general. <\/p>\n<p>&nbsp;<\/p>\n<p>El Administrador concede gran importancia a la protecci\u00f3n de la privacidad y confidencialidad de los datos personales de los usuarios del sitio web, y con el debido cuidado selecciona y aplica las medidas t\u00e9cnicas y organizativas adecuadas para garantizar la protecci\u00f3n y el tratamiento de los datos personales.<\/p>\n<p>&nbsp;<\/p>\n<p>Los datos personales de los Usuarios se procesan en servidores que garantizan su seguridad. El Administrador pondr\u00e1 especial cuidado en que el tratamiento de los datos se realice de acuerdo con la finalidad y alcance del uso de los servicios disponibles a trav\u00e9s del Servicio, incluidos los subsitios, aplicaciones y otras funcionalidades proporcionadas por el Administrador, con el fin de que el uso del Servicio sea lo m\u00e1s seguro y c\u00f3modo posible para los usuarios. <\/p>\n<p>&nbsp;<\/p>\n<h2>Alcance y finalidad del tratamiento de datos<\/h2>\n<p>Los datos se tratar\u00e1n con fines relacionados con el uso del sitio web y los servicios prestados a trav\u00e9s del sitio web en forma de respuesta a las preguntas formuladas por los usuarios a trav\u00e9s del sitio web.<\/p>\n<p>&nbsp;<\/p>\n<p>Los datos personales de los usuarios del servicio se recogen directamente de los interesados, es decir, cuando el usuario rellena los datos al enviar una consulta a trav\u00e9s del servicio. El suministro de datos adicionales que no sean necesarios para la prestaci\u00f3n del servicio es voluntario y requiere el consentimiento expreso del usuario del servicio para su posterior procesamiento.  <\/p>\n<p>&nbsp;<\/p>\n<p>La aportaci\u00f3n de datos es voluntaria, sin embargo, la no aportaci\u00f3n de dichos datos puede hacer imposible obtener una respuesta a una pregunta, ya que la naturaleza espec\u00edfica de los servicios prestados por el servicio hace que su aportaci\u00f3n en forma de respuesta a una pregunta no pueda ser an\u00f3nima.<\/p>\n<p>&nbsp;<\/p>\n<h2>Fundamento jur\u00eddico del tratamiento de datos personales<\/h2>\n<p>El responsable del tratamiento, en virtud de las disposiciones del RODO, tiene derecho a tratar tus datos personales en las siguientes circunstancias:<\/p>\n<p>&nbsp;<\/p>\n<ol>\n<li>el usuario consiente el tratamiento de sus datos personales;<\/li>\n<li>el tratamiento de los datos personales del Usuario sea necesario para el cumplimiento de una obligaci\u00f3n legal que incumbe al Administrador;<\/li>\n<li>cuando sea necesario a efectos de los intereses leg\u00edtimos perseguidos por el Responsable del tratamiento o por terceros.<\/li>\n<\/ol>\n<p>&nbsp;<\/p>\n<h2>Con qui\u00e9n pueden compartirse los datos personales<\/h2>\n<p>Sobre la base de las disposiciones de la DPA, tus datos pueden ser confiados a otras entidades para la ejecuci\u00f3n de determinados servicios realizados en nombre del responsable del tratamiento, en particular servicios de alojamiento exclusivamente sobre la base de un acuerdo de encomienda.<\/p>\n<p>&nbsp;<\/p>\n<p>Las entidades encargadas de los datos est\u00e1n obligadas a aplicar medidas t\u00e9cnicas y organizativas para asegurar los datos.<\/p>\n<p>&nbsp;<\/p>\n<h2>Periodo de conservaci\u00f3n de los datos personales<\/h2>\n<p>Periodo de conservaci\u00f3n de los datos personales:<\/p>\n<p>&nbsp;<\/p>\n<ol>\n<li>cookies: durante un mes despu\u00e9s de que el usuario haya dado su consentimiento;<\/li>\n<li>datos anal\u00edticos: cuando se haya dado el consentimiento, hasta la revocaci\u00f3n, restricci\u00f3n u otra acci\u00f3n del usuario que restrinja dicho consentimiento;<\/li>\n<li>otros datos: durante el periodo de tiempo necesario para procesar tu consulta y responder a tu pregunta.<\/li>\n<\/ol>\n<p>&nbsp;<\/p>\n<p>El Usuario tiene derecho a retirar en cualquier momento su consentimiento para el tratamiento de los datos facilitados por \u00e9l. Si el Administrador tiene conocimiento de la retirada del consentimiento, tomar\u00e1 inmediatamente medidas para eliminar los datos almacenados. <\/p>\n<p>&nbsp;<\/p>\n<h2>Derechos de los interesados<\/h2>\n<p>El usuario tiene derecho a presentar una reclamaci\u00f3n ante la autoridad de control, el Presidente de la Autoridad de Protecci\u00f3n de Datos, si considera que el tratamiento de sus datos personales infringe la normativa de protecci\u00f3n de datos.<\/p>\n<p>&nbsp;<\/p>\n<p>El usuario tambi\u00e9n tiene derecho a:<\/p>\n<ol>\n<li>acceder al contenido de los datos personales facilitados (Art\u00edculo 15 RODO);<\/li>\n<li>solicitar la rectificaci\u00f3n de datos personales (Art\u00edculo 16 RODO);<\/li>\n<li>solicitar la supresi\u00f3n de tus datos personales (art\u00edculo 17 RODO), el llamado \u00abderecho al olvido\u00bb; <\/li>\n<li>solicitar la restricci\u00f3n del tratamiento de tus datos personales (Art\u00edculo 18 RODO);<\/li>\n<li>solicitar la transferencia de sus propios datos personales en un formato de uso com\u00fan a otro Responsable del Tratamiento designado por ellos (Art\u00edculo 20 RODO);<\/li>\n<li>oponerte al tratamiento de los datos personales (art\u00edculo 21 RODO);<\/li>\n<li>retirar el consentimiento para el tratamiento de datos personales en la medida en que el tratamiento se lleve a cabo sobre la base de un consentimiento previamente otorgado (art\u00edculo 7 RODO).<\/li>\n<\/ol>\n<p>&nbsp;<\/p>\n<h2>Perfiles y objetivos y pol\u00edtica de cookies<\/h2>\n<p>Los datos de tr\u00e1fico del sitio web se utilizan para la elaboraci\u00f3n de perfiles y la orientaci\u00f3n de anuncios en servicios externos: Facebook, Google, Instagram. \u00c9stos se basan en criterios no espec\u00edficos, por lo que es imposible identificar a un usuario individual. <\/p>\n<p>&nbsp;<\/p>\n<h2>Cookies<\/h2>\n<p>Las cookies son datos inform\u00e1ticos, en particular archivos de texto, que se almacenan en el dispositivo final del usuario de sitios web y aplicaciones. Las cookies suelen contener el nombre de dominio del sitio web del que proceden, la hora a la que se almacenan en el dispositivo final y un n\u00famero \u00fanico. Las cookies no se utilizan para identificar al usuario y a partir de ellas no se establece su identidad. El sitio web del editor puede colocar una cookie en el navegador si \u00e9ste lo permite. Es importante que el navegador s\u00f3lo permita al sitio web acceder a las cookies colocadas por ese sitio web y no a las colocadas por otros sitios web.    <\/p>\n<p>&nbsp;<\/p>\n<p>La entidad que coloca informaci\u00f3n en forma de cookies y otras tecnolog\u00edas similares en el equipo terminal del usuario (por ejemplo, ordenador, port\u00e1til, smartphone, Smart TV) y accede a ellas es  <strong>Food4Future Technologies Sp. z o. o. con domicilio social en Wroc\u0142aw     <\/strong>as\u00ed como los destinatarios de los datos antes mencionados, es decir, entidades que cooperan con el Administrador, como socios que prestan servicios anal\u00edticos, anunciantes, desarrolladores de aplicaciones, agencias de publicidad en red.  <\/p>\n<p>&nbsp;<\/p>\n<p>Los sitios web de los socios del Administrador vinculados al sitio est\u00e1n sujetos a sus propias pol\u00edticas de privacidad (incluido el uso de cookies).<\/p>\n<p>&nbsp;<\/p>\n<h2>\u00bfCu\u00e1les son los fines del tratamiento de las cookies?<\/h2>\n<p>El uso de cookies y otras tecnolog\u00edas similares es necesario a efectos:<\/p>\n<p>&nbsp;<\/p>\n<ol>\n<li>adaptar el contenido de los sitios web y las aplicaciones a las preferencias del usuario y optimizar el uso de los sitios web; por ejemplo, las cookies permiten, en particular, reconocer el dispositivo del usuario y mostrar adecuadamente un sitio web adaptado a las necesidades individuales del usuario;<\/li>\n<li>para crear estad\u00edsticas que nos ayuden a comprender c\u00f3mo utilizan los usuarios los sitios web y las aplicaciones, de modo que podamos mejorar su estructura y contenido;<\/li>\n<li>la presentaci\u00f3n de anuncios, por ejemplo, de forma que se tengan en cuenta los intereses o el lugar de residencia del Usuario (individualizaci\u00f3n del mensaje publicitario) y con la garant\u00eda de excluir la posibilidad de presentaci\u00f3n repetida del mismo anuncio al Usuario; <\/li>\n<li>la realizaci\u00f3n de las encuestas, en particular para evitar presentar la misma encuesta al mismo p\u00fablico m\u00e1s de una vez y para presentar las encuestas de forma que se tengan en cuenta los intereses del p\u00fablico.<\/li>\n<\/ol>\n<p>&nbsp;<\/p>\n<h2>\u00bfQu\u00e9 tipos de cookies se utilizan?<\/h2>\n<p>Debido a la vida \u00fatil de las cookies y otras tecnolog\u00edas similares, el Administrador utiliza dos tipos principales de estos archivos:<\/p>\n<p>&nbsp;<\/p>\n<ol>\n<li>archivos de sesi\u00f3n &#8211; archivos temporales almacenados en el equipo terminal del usuario hasta que \u00e9ste abandona el sitio web y la aplicaci\u00f3n o se apaga el software (navegador web);<\/li>\n<li>permanentes: se almacenan en el equipo terminal del usuario durante el tiempo especificado en los par\u00e1metros de las cookies o hasta que el usuario las elimine.<\/li>\n<\/ol>\n<p>&nbsp;<\/p>\n<p>Debido a la finalidad de las cookies y otras tecnolog\u00edas similares, el Administrador utiliza los siguientes tipos de cookies:<\/p>\n<p>&nbsp;<\/p>\n<ol>\n<li>necesarias para el funcionamiento del servicio y las aplicaciones- que permiten el uso de nuestros servicios, por ejemplo, cookies de autenticaci\u00f3n utilizadas para servicios que requieren autenticaci\u00f3n;<\/li>\n<li>cookies de seguridad, por ejemplo, utilizadas para detectar fraudes de autenticaci\u00f3n;<\/li>\n<li>rendimiento: para recopilar informaci\u00f3n sobre c\u00f3mo se utilizan los sitios web y las aplicaciones;<\/li>\n<li>funcional: permite \u00abrecordar\u00bb los ajustes seleccionados por el Usuario y personalizar la interfaz del Usuario, por ejemplo, en lo que respecta al idioma o regi\u00f3n de origen elegidos por el Usuario, el tama\u00f1o de la fuente, el aspecto del sitio web y de las aplicaciones, etc;<\/li>\n<li>Publicidad: para ofrecer a los Usuarios contenidos publicitarios m\u00e1s adaptados a sus intereses;<\/li>\n<li>estad\u00edstico &#8211; se utiliza para contar estad\u00edsticas sobre sitios web y aplicaciones.<\/li>\n<\/ol>\n<p>&nbsp;<\/p>\n<h2>Gestionar la configuraci\u00f3n del navegador<\/h2>\n<p>En muchos casos, el software de navegaci\u00f3n web (navegador web) permite por defecto almacenar informaci\u00f3n en forma de cookies y otras tecnolog\u00edas similares en el equipo terminal del usuario. Sin embargo, el usuario puede cambiar esta configuraci\u00f3n en cualquier momento. El hecho de no realizar cambios significa que la informaci\u00f3n mencionada puede ser colocada y almacenada en tu equipo terminal y que, por lo tanto, almacenaremos informaci\u00f3n en tu equipo terminal y accederemos a esta informaci\u00f3n.  <\/p>\n<p>&nbsp;<\/p>\n<p>Es posible, por ejemplo, gestionar t\u00fa mismo las cookies desde el navegador que est\u00e9s utilizando. En los navegadores m\u00e1s populares, es posible, entre otras cosas:  <\/p>\n<p>&nbsp;<\/p>\n<ol>\n<li>aceptar el uso de cookies, lo que permite al usuario aprovechar al m\u00e1ximo las opciones que ofrecen los sitios web;<\/li>\n<li>gestionar las cookies a nivel de los sitios individuales seleccionados por el Usuario;<\/li>\n<li>especificar ajustes para diferentes tipos de cookies, por ejemplo aceptar cookies permanentes como cookies de sesi\u00f3n, etc;<\/li>\n<li>bloquear o eliminar las cookies.<\/li>\n<\/ol>\n<p>&nbsp;<\/p>\n<h2>Resoluci\u00f3n de problemas<\/h2>\n<p>Encontrar\u00e1s informaci\u00f3n completa en la configuraci\u00f3n de tu software (navegador). Detalles para los que utilizan navegadores individuales, entre otros: <\/p>\n<p><u>Internet Explorer, Mozilla Firefox, Chrome, Opera Itp.<\/u><\/p>\n<p>&nbsp;<\/p>\n<p>Ten en cuenta que restringir o desactivar el uso de cookies y otras tecnolog\u00edas similares puede afectar a algunas de las funciones disponibles en nuestros sitios web.<\/p>\n<p>&nbsp;<\/p>\n<p>Puedes encontrar informaci\u00f3n adicional sobre cookies y otras tecnolog\u00edas, entre otras cosas, en wszystkoociasteczkach.co.uk o en la secci\u00f3n Ayuda del men\u00fa de tu navegador. <\/p>\n<p>[\/et_pb_text][\/et_pb_column][\/et_pb_row][\/et_pb_section]<\/p>\n","protected":false},"excerpt":{"rendered":"<p>Pol\u00edtica de privacidad y cookiesPol\u00edtica de privacidad Esta Pol\u00edtica de Privacidad establece los principios para el tratamiento de cualquier informaci\u00f3n de car\u00e1cter personal que obtenga el Food4Future Technologies Sp. z o. o. con domicilio social en Wroc\u0142aw en relaci\u00f3n con la utilizaci\u00f3n por los usuarios de la informaci\u00f3n y los servicios disponibles a trav\u00e9s del [&hellip;]<\/p>\n","protected":false},"author":1,"featured_media":0,"parent":0,"menu_order":0,"comment_status":"closed","ping_status":"open","template":"","meta":{"_et_pb_use_builder":"on","_et_pb_old_content":"","_et_gb_content_width":"","footnotes":""},"class_list":["post-101096","page","type-page","status-publish","hentry"],"_links":{"self":[{"href":"https:\/\/fishfarmsolutions.eu\/es\/wp-json\/wp\/v2\/pages\/101096","targetHints":{"allow":["GET"]}}],"collection":[{"href":"https:\/\/fishfarmsolutions.eu\/es\/wp-json\/wp\/v2\/pages"}],"about":[{"href":"https:\/\/fishfarmsolutions.eu\/es\/wp-json\/wp\/v2\/types\/page"}],"author":[{"embeddable":true,"href":"https:\/\/fishfarmsolutions.eu\/es\/wp-json\/wp\/v2\/users\/1"}],"replies":[{"embeddable":true,"href":"https:\/\/fishfarmsolutions.eu\/es\/wp-json\/wp\/v2\/comments?post=101096"}],"version-history":[{"count":2,"href":"https:\/\/fishfarmsolutions.eu\/es\/wp-json\/wp\/v2\/pages\/101096\/revisions"}],"predecessor-version":[{"id":101098,"href":"https:\/\/fishfarmsolutions.eu\/es\/wp-json\/wp\/v2\/pages\/101096\/revisions\/101098"}],"wp:attachment":[{"href":"https:\/\/fishfarmsolutions.eu\/es\/wp-json\/wp\/v2\/media?parent=101096"}],"curies":[{"name":"wp","href":"https:\/\/api.w.org\/{rel}","templated":true}]}}